{"id":5608,"date":"2024-10-01T11:22:32","date_gmt":"2024-10-01T11:22:32","guid":{"rendered":"https:\/\/www.azagromila.az\/?page_id=5608"},"modified":"2024-11-08T07:37:51","modified_gmt":"2024-11-08T07:37:51","slug":"deyerlerimiz","status":"publish","type":"page","link":"https:\/\/www.azagromila.az\/ru\/nashi-tsennosti\/","title":{"rendered":"\u041d\u0430\u0448\u0438 \u0446\u0435\u043d\u043d\u043e\u0441\u0442\u0438"},"content":{"rendered":"<div data-elementor-type=\"wp-page\" data-elementor-id=\"5608\" class=\"elementor elementor-5608\">\n\t\t\t\t\t\t<section class=\"elementor-section elementor-top-section elementor-element elementor-element-010c409 elementor-section-full_width elementor-section-height-default elementor-section-height-default\" data-id=\"010c409\" data-element_type=\"section\" data-settings=\"{&quot;background_background&quot;:&quot;classic&quot;}\">\n\t\t\t\t\t\t<div class=\"elementor-container elementor-column-gap-default\">\n\t\t\t\t\t<div class=\"elementor-column elementor-col-50 elementor-top-column elementor-element elementor-element-de502b0\" data-id=\"de502b0\" data-element_type=\"column\">\n\t\t\t<div class=\"elementor-widget-wrap elementor-element-populated\">\n\t\t\t\t\t\t<section class=\"elementor-section elementor-inner-section elementor-element elementor-element-71f5975 elementor-section-boxed elementor-section-height-default elementor-section-height-default\" data-id=\"71f5975\" data-element_type=\"section\">\n\t\t\t\t\t\t<div class=\"elementor-container elementor-column-gap-default\">\n\t\t\t\t\t<div class=\"elementor-column elementor-col-33 elementor-inner-column elementor-element elementor-element-1cf6a16\" data-id=\"1cf6a16\" data-element_type=\"column\">\n\t\t\t<div class=\"elementor-widget-wrap elementor-element-populated\">\n\t\t\t\t\t\t<div class=\"elementor-element elementor-element-5a45626 elementor-view-default elementor-widget elementor-widget-icon\" data-id=\"5a45626\" data-element_type=\"widget\" data-widget_type=\"icon.default\">\n\t\t\t\t<div class=\"elementor-widget-container\">\n\t\t\t\t\t<div class=\"elementor-icon-wrapper\">\n\t\t\t<a class=\"elementor-icon\" href=\"https:\/\/www.azagromila.az\/ru\">\n\t\t\t<i aria-hidden=\"true\" class=\"icon icon-home2\"><\/i>\t\t\t<\/a>\n\t\t<\/div>\n\t\t\t\t<\/div>\n\t\t\t\t<\/div>\n\t\t\t\t\t<\/div>\n\t\t<\/div>\n\t\t\t\t<div class=\"elementor-column elementor-col-33 elementor-inner-column elementor-element elementor-element-bae875f\" data-id=\"bae875f\" data-element_type=\"column\">\n\t\t\t<div class=\"elementor-widget-wrap elementor-element-populated\">\n\t\t\t\t\t\t<div class=\"elementor-element elementor-element-3863e5b elementor-view-default elementor-widget elementor-widget-icon\" data-id=\"3863e5b\" data-element_type=\"widget\" data-widget_type=\"icon.default\">\n\t\t\t\t<div class=\"elementor-widget-container\">\n\t\t\t\t\t<div class=\"elementor-icon-wrapper\">\n\t\t\t<div class=\"elementor-icon\">\n\t\t\t<i aria-hidden=\"true\" class=\"fas fa-square-full\"><\/i>\t\t\t<\/div>\n\t\t<\/div>\n\t\t\t\t<\/div>\n\t\t\t\t<\/div>\n\t\t\t\t\t<\/div>\n\t\t<\/div>\n\t\t\t\t<div class=\"elementor-column elementor-col-33 elementor-inner-column elementor-element elementor-element-f39c7ae\" data-id=\"f39c7ae\" data-element_type=\"column\">\n\t\t\t<div class=\"elementor-widget-wrap elementor-element-populated\">\n\t\t\t\t\t\t<div class=\"elementor-element elementor-element-e724b85 elementor-widget elementor-widget-heading\" data-id=\"e724b85\" data-element_type=\"widget\" data-widget_type=\"heading.default\">\n\t\t\t\t<div class=\"elementor-widget-container\">\n\t\t\t<style>\/*! elementor - v3.19.0 - 05-02-2024 *\/\n.elementor-heading-title{padding:0;margin:0;line-height:1}.elementor-widget-heading .elementor-heading-title[class*=elementor-size-]>a{color:inherit;font-size:inherit;line-height:inherit}.elementor-widget-heading .elementor-heading-title.elementor-size-small{font-size:15px}.elementor-widget-heading .elementor-heading-title.elementor-size-medium{font-size:19px}.elementor-widget-heading .elementor-heading-title.elementor-size-large{font-size:29px}.elementor-widget-heading .elementor-heading-title.elementor-size-xl{font-size:39px}.elementor-widget-heading .elementor-heading-title.elementor-size-xxl{font-size:59px}<\/style><p class=\"elementor-heading-title elementor-size-default\">\u041d\u0430\u0448\u0438 \u0446\u0435\u043d\u043d\u043e\u0441\u0442\u0438<\/p>\t\t<\/div>\n\t\t\t\t<\/div>\n\t\t\t\t\t<\/div>\n\t\t<\/div>\n\t\t\t\t\t<\/div>\n\t\t<\/section>\n\t\t\t\t\t<\/div>\n\t\t<\/div>\n\t\t\t\t<div class=\"elementor-column elementor-col-50 elementor-top-column elementor-element elementor-element-ac5e417\" data-id=\"ac5e417\" data-element_type=\"column\">\n\t\t\t<div class=\"elementor-widget-wrap\">\n\t\t\t\t\t\t\t<\/div>\n\t\t<\/div>\n\t\t\t\t\t<\/div>\n\t\t<\/section>\n\t\t\t\t<section class=\"elementor-section elementor-top-section elementor-element elementor-element-3ff7e4d elementor-section-full_width elementor-section-stretched elementor-section-height-default elementor-section-height-default\" data-id=\"3ff7e4d\" data-element_type=\"section\" data-settings=\"{&quot;stretch_section&quot;:&quot;section-stretched&quot;,&quot;background_background&quot;:&quot;classic&quot;}\">\n\t\t\t\t\t\t<div class=\"elementor-container elementor-column-gap-extended\">\n\t\t\t\t\t<div class=\"elementor-column elementor-col-50 elementor-top-column elementor-element elementor-element-613beff elementor-hidden-tablet\" data-id=\"613beff\" data-element_type=\"column\" data-settings=\"{&quot;background_background&quot;:&quot;classic&quot;}\">\n\t\t\t<div class=\"elementor-widget-wrap elementor-element-populated\">\n\t\t\t\t\t\t<div class=\"elementor-element elementor-element-c14fc73 sidebar-ag elementor-hidden-mobile elementor-widget elementor-widget-sidebar\" data-id=\"c14fc73\" data-element_type=\"widget\" data-widget_type=\"sidebar.default\">\n\t\t\t\t<div class=\"elementor-widget-container\">\n\t\t\t<div class=\"widget-content\"><div class=\"menu-kurumsal-menu-container\"><ul id=\"menu-kurumsal-menu\" class=\"menu\"><li id=\"menu-item-1408\" class=\"menu-item menu-item-type-post_type menu-item-object-page menu-item-1408 wp-menu-img wp-menu-img-before\"><a href=\"https:\/\/www.azagromila.az\/ru\/o-nas\/\">\u041e \u043d\u0430\u0441<\/a><\/li>\n<li id=\"menu-item-5617\" class=\"menu-item menu-item-type-post_type menu-item-object-page menu-item-5617 wp-menu-img wp-menu-img-before\"><a href=\"https:\/\/www.azagromila.az\/ru\/nashi-tsennosti\/\">\u041d\u0430\u0448\u0438 \u0446\u0435\u043d\u043d\u043e\u0441\u0442\u0438<\/a><\/li>\n<li id=\"menu-item-2789\" class=\"menu-item menu-item-type-post_type menu-item-object-page menu-item-2789 wp-menu-img wp-menu-img-before\"><a href=\"https:\/\/www.azagromila.az\/ru\/sertifikaty\/\">\u0421\u0435\u0440\u0442\u0438\u0444\u0438\u043a\u0430\u0442\u044b<\/a><\/li>\n<\/ul><\/div><\/div>\t\t<\/div>\n\t\t\t\t<\/div>\n\t\t\t\t\t<\/div>\n\t\t<\/div>\n\t\t\t\t<div class=\"elementor-column elementor-col-50 elementor-top-column elementor-element elementor-element-18e56b7\" data-id=\"18e56b7\" data-element_type=\"column\">\n\t\t\t<div class=\"elementor-widget-wrap elementor-element-populated\">\n\t\t\t\t\t\t<div class=\"elementor-element elementor-element-8f86937 elementor-widget elementor-widget-heading\" data-id=\"8f86937\" data-element_type=\"widget\" data-widget_type=\"heading.default\">\n\t\t\t\t<div class=\"elementor-widget-container\">\n\t\t\t<h2 class=\"elementor-heading-title elementor-size-default\">\u041d\u0430\u0448\u0435 \u0432\u0438\u0434\u0435\u043d\u0438\u0435<\/h2>\t\t<\/div>\n\t\t\t\t<\/div>\n\t\t\t\t<div class=\"elementor-element elementor-element-f2d2f3b elementor-widget elementor-widget-text-editor\" data-id=\"f2d2f3b\" data-element_type=\"widget\" data-widget_type=\"text-editor.default\">\n\t\t\t\t<div class=\"elementor-widget-container\">\n\t\t\t<style>\/*! elementor - v3.19.0 - 05-02-2024 *\/\n.elementor-widget-text-editor.elementor-drop-cap-view-stacked .elementor-drop-cap{background-color:#69727d;color:#fff}.elementor-widget-text-editor.elementor-drop-cap-view-framed .elementor-drop-cap{color:#69727d;border:3px solid;background-color:transparent}.elementor-widget-text-editor:not(.elementor-drop-cap-view-default) .elementor-drop-cap{margin-top:8px}.elementor-widget-text-editor:not(.elementor-drop-cap-view-default) .elementor-drop-cap-letter{width:1em;height:1em}.elementor-widget-text-editor .elementor-drop-cap{float:left;text-align:center;line-height:1;font-size:50px}.elementor-widget-text-editor .elementor-drop-cap-letter{display:inline-block}<\/style>\t\t\t\t<p>\u041f\u0440\u0435\u0434\u0441\u0442\u0430\u0432\u043b\u044f\u044f \u043d\u0430 \u0440\u044b\u043d\u043a\u0435 \u043d\u043e\u0432\u0435\u0439\u0448\u0438\u0435 \u0442\u0435\u0445\u043d\u043e\u043b\u043e\u0433\u0438\u0438 \u0441 \u043a\u043e\u043d\u0446\u0435\u043f\u0446\u0438\u0435\u0439 \u044d\u043a\u043e\u043b\u043e\u0433\u0438\u0447\u0435\u0441\u043a\u0438 \u0447\u0438\u0441\u0442\u044b\u0445 \u0447\u0435\u0440\u043d\u0438\u043b, \u044d\u0442\u043e \u0432\u0435\u0434\u0443\u0449\u0438\u0439 \u043c\u0438\u0440\u043e\u0432\u043e\u0439 \u0431\u0440\u0435\u043d\u0434, \u043a\u043e\u0442\u043e\u0440\u044b\u0439 \u043e\u0441\u0442\u0430\u0432\u043b\u044f\u0435\u0442 \u0441\u043b\u0435\u0434 \u0432\u043e \u0432\u0441\u0435\u0445 \u043e\u0431\u043b\u0430\u0441\u0442\u044f\u0445, \u043a\u043e\u0442\u043e\u0440\u044b\u0445 \u043e\u043d \u043a\u0430\u0441\u0430\u0435\u0442\u0441\u044f \u0432 \u0441\u0435\u043a\u0442\u043e\u0440\u0435 \u0443\u0434\u043e\u0431\u0440\u0435\u043d\u0438\u0439 \u0438 \u0431\u0438\u043e\u043f\u0435\u0441\u0442\u0438\u0446\u0438\u0434\u043e\u0432 \u043d\u043e\u0432\u043e\u0433\u043e \u043f\u043e\u043a\u043e\u043b\u0435\u043d\u0438\u044f.<\/p>\t\t\t\t\t\t<\/div>\n\t\t\t\t<\/div>\n\t\t\t\t<div class=\"elementor-element elementor-element-7b1a599 elementor-widget elementor-widget-heading\" data-id=\"7b1a599\" data-element_type=\"widget\" data-widget_type=\"heading.default\">\n\t\t\t\t<div class=\"elementor-widget-container\">\n\t\t\t<h2 class=\"elementor-heading-title elementor-size-default\">\u041d\u0430\u0448\u0430 \u043c\u0438\u0441\u0441\u0438\u044f<\/h2>\t\t<\/div>\n\t\t\t\t<\/div>\n\t\t\t\t<div class=\"elementor-element elementor-element-80008f7 elementor-widget elementor-widget-text-editor\" data-id=\"80008f7\" data-element_type=\"widget\" data-widget_type=\"text-editor.default\">\n\t\t\t\t<div class=\"elementor-widget-container\">\n\t\t\t\t\t\t\t\u0426\u0435\u043b\u044c\u044e \u043d\u0430\u0448\u0435\u0439 \u043a\u043e\u043c\u043f\u0430\u043d\u0438\u0438 \u044f\u0432\u043b\u044f\u0435\u0442\u0441\u044f \u043e\u0431\u0435\u0441\u043f\u0435\u0447\u0435\u043d\u0438\u0435 \u0432\u044b\u0441\u043e\u0447\u0430\u0439\u0448\u0435\u0433\u043e \u0443\u0440\u043e\u0432\u043d\u044f \u0446\u0435\u043d\u043d\u043e\u0441\u0442\u0438 \u0434\u043b\u044f \u0432\u0441\u0435\u0445 \u043d\u0430\u0448\u0438\u0445 \u043f\u0430\u0440\u0442\u043d\u0435\u0440\u043e\u0432 \u043f\u0443\u0442\u0435\u043c \u043f\u0440\u043e\u0438\u0437\u0432\u043e\u0434\u0441\u0442\u0432\u0430 \u043a\u0430\u0447\u0435\u0441\u0442\u0432\u0435\u043d\u043d\u043e\u0439 \u043f\u0440\u043e\u0434\u0443\u043a\u0446\u0438\u0438 \u0441 \u0438\u0441\u043f\u043e\u043b\u044c\u0437\u043e\u0432\u0430\u043d\u0438\u0435\u043c \u0438\u043d\u043d\u043e\u0432\u0430\u0446\u0438\u043e\u043d\u043d\u043e\u0433\u043e \u0438 \u0443\u0441\u0442\u043e\u0439\u0447\u0438\u0432\u043e\u0433\u043e \u043f\u043e\u0434\u0445\u043e\u0434\u0430 \u0438 \u043e\u0431\u043e\u0433\u0430\u0449\u0435\u043d\u0438\u044f \u043d\u0430\u0448\u0438\u0445 \u0437\u0435\u043c\u0435\u043b\u044c.\t\t\t\t\t\t<\/div>\n\t\t\t\t<\/div>\n\t\t\t\t\t<\/div>\n\t\t<\/div>\n\t\t\t\t\t<\/div>\n\t\t<\/section>\n\t\t\t\t<\/div>","protected":false},"excerpt":{"rendered":"<p>D\u0259y\u0259rl\u0259rimiz Vizyonumuz Dayan\u0131ql\u0131 inki\u015faf anlay\u0131\u015f\u0131yla \u0259n y\u00fcks\u0259k texnologiyalar\u0131 bazara t\u0259qdim ed\u0259r\u0259k, yeni n\u0259sil g\u00fcbr\u0259 v\u0259 biyopestisid sektorunda toxundu\u011fu h\u0259r sah\u0259d\u0259 iz buraxan, lider v\u0259 qlobal bir marka olaca\u011f\u0131q. Missiyam\u0131z Yenilik\u00e7i v\u0259 dayan\u0131ql\u0131 bir yana\u015fma il\u0259 keyfiyy\u0259tli m\u0259hsullar istehsal ed\u0259r\u0259k b\u00fct\u00fcn t\u0259r\u0259fda\u015flar\u0131m\u0131za \u0259n y\u00fcks\u0259k s\u0259viyy\u0259d\u0259 d\u0259y\u0259r verm\u0259k v\u0259 torpaqlar\u0131m\u0131za b\u0259r\u0259k\u0259t qatmaqd\u0131r.<\/p>","protected":false},"author":2,"featured_media":0,"parent":0,"menu_order":0,"comment_status":"closed","ping_status":"closed","template":"","meta":{"footnotes":""},"class_list":["post-5608","page","type-page","status-publish","hentry"],"_links":{"self":[{"href":"https:\/\/www.azagromila.az\/ru\/wp-json\/wp\/v2\/pages\/5608","targetHints":{"allow":["GET"]}}],"collection":[{"href":"https:\/\/www.azagromila.az\/ru\/wp-json\/wp\/v2\/pages"}],"about":[{"href":"https:\/\/www.azagromila.az\/ru\/wp-json\/wp\/v2\/types\/page"}],"author":[{"embeddable":true,"href":"https:\/\/www.azagromila.az\/ru\/wp-json\/wp\/v2\/users\/2"}],"replies":[{"embeddable":true,"href":"https:\/\/www.azagromila.az\/ru\/wp-json\/wp\/v2\/comments?post=5608"}],"version-history":[{"count":16,"href":"https:\/\/www.azagromila.az\/ru\/wp-json\/wp\/v2\/pages\/5608\/revisions"}],"predecessor-version":[{"id":6800,"href":"https:\/\/www.azagromila.az\/ru\/wp-json\/wp\/v2\/pages\/5608\/revisions\/6800"}],"wp:attachment":[{"href":"https:\/\/www.azagromila.az\/ru\/wp-json\/wp\/v2\/media?parent=5608"}],"curies":[{"name":"wp","href":"https:\/\/api.w.org\/{rel}","templated":true}]}}