{"id":1947,"date":"2023-04-10T19:13:52","date_gmt":"2023-04-10T19:13:52","guid":{"rendered":"https:\/\/www.azagromila.az\/?page_id=1947"},"modified":"2024-08-29T13:12:36","modified_gmt":"2024-08-29T13:12:36","slug":"aciq-raziliq-metni","status":"publish","type":"page","link":"https:\/\/www.azagromila.az\/ru\/tekst-otkrytogo-soglasiya\/","title":{"rendered":"\u0422\u0435\u043a\u0441\u0442 \u043e\u0442\u043a\u0440\u044b\u0442\u043e\u0433\u043e \u0441\u043e\u0433\u043b\u0430\u0441\u0438\u044f"},"content":{"rendered":"<div data-elementor-type=\"wp-page\" data-elementor-id=\"1947\" class=\"elementor elementor-1947\">\n\t\t\t\t\t\t<section class=\"elementor-section elementor-top-section elementor-element elementor-element-4a701144 elementor-section-full_width elementor-section-height-default elementor-section-height-default\" data-id=\"4a701144\" data-element_type=\"section\" data-settings=\"{&quot;background_background&quot;:&quot;classic&quot;}\">\n\t\t\t\t\t\t<div class=\"elementor-container elementor-column-gap-default\">\n\t\t\t\t\t<div class=\"elementor-column elementor-col-50 elementor-top-column elementor-element elementor-element-59e51fe8\" data-id=\"59e51fe8\" data-element_type=\"column\">\n\t\t\t<div class=\"elementor-widget-wrap elementor-element-populated\">\n\t\t\t\t\t\t<section class=\"elementor-section elementor-inner-section elementor-element elementor-element-1ae30f54 elementor-section-boxed elementor-section-height-default elementor-section-height-default\" data-id=\"1ae30f54\" data-element_type=\"section\">\n\t\t\t\t\t\t<div class=\"elementor-container elementor-column-gap-default\">\n\t\t\t\t\t<div class=\"elementor-column elementor-col-33 elementor-inner-column elementor-element elementor-element-5db123e8\" data-id=\"5db123e8\" data-element_type=\"column\">\n\t\t\t<div class=\"elementor-widget-wrap elementor-element-populated\">\n\t\t\t\t\t\t<div class=\"elementor-element elementor-element-d54069e elementor-view-default elementor-widget elementor-widget-icon\" data-id=\"d54069e\" data-element_type=\"widget\" data-widget_type=\"icon.default\">\n\t\t\t\t<div class=\"elementor-widget-container\">\n\t\t\t\t\t<div class=\"elementor-icon-wrapper\">\n\t\t\t<a class=\"elementor-icon\" href=\"https:\/\/www.azagromila.az\/ru\">\n\t\t\t<i aria-hidden=\"true\" class=\"icon icon-home2\"><\/i>\t\t\t<\/a>\n\t\t<\/div>\n\t\t\t\t<\/div>\n\t\t\t\t<\/div>\n\t\t\t\t\t<\/div>\n\t\t<\/div>\n\t\t\t\t<div class=\"elementor-column elementor-col-33 elementor-inner-column elementor-element elementor-element-4b23fd10\" data-id=\"4b23fd10\" data-element_type=\"column\">\n\t\t\t<div class=\"elementor-widget-wrap elementor-element-populated\">\n\t\t\t\t\t\t<div class=\"elementor-element elementor-element-66b60b4e elementor-view-default elementor-widget elementor-widget-icon\" data-id=\"66b60b4e\" data-element_type=\"widget\" data-widget_type=\"icon.default\">\n\t\t\t\t<div class=\"elementor-widget-container\">\n\t\t\t\t\t<div class=\"elementor-icon-wrapper\">\n\t\t\t<div class=\"elementor-icon\">\n\t\t\t<i aria-hidden=\"true\" class=\"fas fa-square-full\"><\/i>\t\t\t<\/div>\n\t\t<\/div>\n\t\t\t\t<\/div>\n\t\t\t\t<\/div>\n\t\t\t\t\t<\/div>\n\t\t<\/div>\n\t\t\t\t<div class=\"elementor-column elementor-col-33 elementor-inner-column elementor-element elementor-element-36d80d91\" data-id=\"36d80d91\" data-element_type=\"column\">\n\t\t\t<div class=\"elementor-widget-wrap elementor-element-populated\">\n\t\t\t\t\t\t<div class=\"elementor-element elementor-element-2417518a elementor-widget elementor-widget-heading\" data-id=\"2417518a\" data-element_type=\"widget\" data-widget_type=\"heading.default\">\n\t\t\t\t<div class=\"elementor-widget-container\">\n\t\t\t<style>\/*! elementor - v3.19.0 - 05-02-2024 *\/\n.elementor-heading-title{padding:0;margin:0;line-height:1}.elementor-widget-heading .elementor-heading-title[class*=elementor-size-]>a{color:inherit;font-size:inherit;line-height:inherit}.elementor-widget-heading .elementor-heading-title.elementor-size-small{font-size:15px}.elementor-widget-heading .elementor-heading-title.elementor-size-medium{font-size:19px}.elementor-widget-heading .elementor-heading-title.elementor-size-large{font-size:29px}.elementor-widget-heading .elementor-heading-title.elementor-size-xl{font-size:39px}.elementor-widget-heading .elementor-heading-title.elementor-size-xxl{font-size:59px}<\/style><p class=\"elementor-heading-title elementor-size-default\">\u0422\u0435\u043a\u0441\u0442 \u043e\u0442\u043a\u0440\u044b\u0442\u043e\u0433\u043e \u0441\u043e\u0433\u043b\u0430\u0441\u0438\u044f<\/p>\t\t<\/div>\n\t\t\t\t<\/div>\n\t\t\t\t\t<\/div>\n\t\t<\/div>\n\t\t\t\t\t<\/div>\n\t\t<\/section>\n\t\t\t\t\t<\/div>\n\t\t<\/div>\n\t\t\t\t<div class=\"elementor-column elementor-col-50 elementor-top-column elementor-element elementor-element-4435cb3b\" data-id=\"4435cb3b\" data-element_type=\"column\">\n\t\t\t<div class=\"elementor-widget-wrap\">\n\t\t\t\t\t\t\t<\/div>\n\t\t<\/div>\n\t\t\t\t\t<\/div>\n\t\t<\/section>\n\t\t\t\t<section class=\"elementor-section elementor-top-section elementor-element elementor-element-5f75808c elementor-section-boxed elementor-section-height-default elementor-section-height-default\" data-id=\"5f75808c\" data-element_type=\"section\">\n\t\t\t\t\t\t<div class=\"elementor-container elementor-column-gap-default\">\n\t\t\t\t\t<div class=\"elementor-column elementor-col-100 elementor-top-column elementor-element elementor-element-5156096f\" data-id=\"5156096f\" data-element_type=\"column\">\n\t\t\t<div class=\"elementor-widget-wrap elementor-element-populated\">\n\t\t\t\t\t\t<div class=\"elementor-element elementor-element-2ed1f07a elementor-widget elementor-widget-heading\" data-id=\"2ed1f07a\" data-element_type=\"widget\" data-widget_type=\"heading.default\">\n\t\t\t\t<div class=\"elementor-widget-container\">\n\t\t\t<h2 class=\"elementor-heading-title elementor-size-default\">\u0422\u0435\u043a\u0441\u0442 \u043e\u0442\u043a\u0440\u044b\u0442\u043e\u0433\u043e \u0441\u043e\u0433\u043b\u0430\u0441\u0438\u044f \u043a\u043b\u0438\u0435\u043d\u0442\u0430\/\u043f\u043e\u0442\u0435\u043d\u0446\u0438\u0430\u043b\u044c\u043d\u043e\u0433\u043e \u043a\u043b\u0438\u0435\u043d\u0442\u0430 (\u044d\u043b\u0435\u043a\u0442\u0440\u043e\u043d\u043d\u0430\u044f \u0442\u043e\u0440\u0433\u043e\u0432\u043b\u044f) \u043e\u0442\u043d\u043e\u0441\u0438\u0442\u0435\u043b\u044c\u043d\u043e \u043e\u0431\u0440\u0430\u0431\u043e\u0442\u043a\u0438 \u043f\u0435\u0440\u0441\u043e\u043d\u0430\u043b\u044c\u043d\u044b\u0445 \u0434\u0430\u043d\u043d\u044b\u0445.<\/h2>\t\t<\/div>\n\t\t\t\t<\/div>\n\t\t\t\t<div class=\"elementor-element elementor-element-a587a64 elementor-widget elementor-widget-text-editor\" data-id=\"a587a64\" data-element_type=\"widget\" data-widget_type=\"text-editor.default\">\n\t\t\t\t<div class=\"elementor-widget-container\">\n\t\t\t<style>\/*! elementor - v3.19.0 - 05-02-2024 *\/\n.elementor-widget-text-editor.elementor-drop-cap-view-stacked .elementor-drop-cap{background-color:#69727d;color:#fff}.elementor-widget-text-editor.elementor-drop-cap-view-framed .elementor-drop-cap{color:#69727d;border:3px solid;background-color:transparent}.elementor-widget-text-editor:not(.elementor-drop-cap-view-default) .elementor-drop-cap{margin-top:8px}.elementor-widget-text-editor:not(.elementor-drop-cap-view-default) .elementor-drop-cap-letter{width:1em;height:1em}.elementor-widget-text-editor .elementor-drop-cap{float:left;text-align:center;line-height:1;font-size:50px}.elementor-widget-text-editor .elementor-drop-cap-letter{display:inline-block}<\/style>\t\t\t\t<p>\u042f \u043f\u0440\u043e\u0447\u0438\u0442\u0430\u043b \u0442\u0435\u043a\u0441\u0442 \u0443\u0432\u0435\u0434\u043e\u043c\u043b\u0435\u043d\u0438\u044f \u043a\u043b\u0438\u0435\u043d\u0442\u0430\/\u043f\u043e\u0442\u0435\u043d\u0446\u0438\u0430\u043b\u044c\u043d\u043e\u0433\u043e \u043a\u043b\u0438\u0435\u043d\u0442\u0430 (\u044d\u043b\u0435\u043a\u0442\u0440\u043e\u043d\u043d\u0430\u044f \u0442\u043e\u0440\u0433\u043e\u0432\u043b\u044f) \u043e\u0442\u043d\u043e\u0441\u0438\u0442\u0435\u043b\u044c\u043d\u043e \u043e\u0431\u0440\u0430\u0431\u043e\u0442\u043a\u0438 \u043f\u0435\u0440\u0441\u043e\u043d\u0430\u043b\u044c\u043d\u044b\u0445 \u0434\u0430\u043d\u043d\u044b\u0445 \u0438 \u0432 \u044d\u0442\u043e\u043c \u043a\u043e\u043d\u0442\u0435\u043a\u0441\u0442\u0435: \u043d\u0430 \u043e\u0431\u0440\u0430\u0431\u043e\u0442\u043a\u0443 \u043c\u043e\u0438\u0445 \u0434\u0430\u043d\u043d\u044b\u0445, \u0432\u043a\u043b\u044e\u0447\u0430\u044f \u043b\u0438\u0447\u043d\u044b\u0435 \u0434\u0430\u043d\u043d\u044b\u0435 (\u0438\u043c\u044f, \u0444\u0430\u043c\u0438\u043b\u0438\u044f), \u043a\u043e\u043d\u0442\u0430\u043a\u0442\u043d\u044b\u0435 \u0434\u0430\u043d\u043d\u044b\u0435 (\u0430\u0434\u0440\u0435\u0441, \u0430\u0434\u0440\u0435\u0441 \u044d\u043b\u0435\u043a\u0442\u0440\u043e\u043d\u043d\u043e\u0439 \u043f\u043e\u0447\u0442\u044b, \u043d\u043e\u043c\u0435\u0440 \u0442\u0435\u043b\u0435\u0444\u043e\u043d\u0430 (\u043c\u043e\u0431\u0438\u043b\u044c\u043d\u044b\u0439)), \u043c\u0430\u0440\u043a\u0435\u0442\u0438\u043d\u0433\u043e\u0432\u044b\u0435 \u0434\u0430\u043d\u043d\u044b\u0435 (\u0440\u0430\u0437\u0440\u0435\u0448\u0435\u043d\u0438\u0435 \u043d\u0430 \u043a\u043e\u043c\u043c\u0435\u0440\u0447\u0435\u0441\u043a\u0443\u044e \u044d\u043b\u0435\u043a\u0442\u0440\u043e\u043d\u043d\u0443\u044e \u0441\u0432\u044f\u0437\u044c, \u0437\u0430\u043f\u0438\u0441\u0438 \u0444\u0430\u0439\u043b\u043e\u0432 cookie, \u0437\u0430\u043f\u0438\u0441\u0438 \u0438\u0441\u0442\u043e\u0440\u0438\u0438 \u043f\u043e\u043a\u0443\u043f\u043e\u043a \u0438 \u0442.\u0434.), \u0441 \u0446\u0435\u043b\u044c\u044e \u043f\u0440\u043e\u0432\u0435\u0434\u0435\u043d\u0438\u044f \u043a\u043e\u043c\u043c\u0443\u043d\u0438\u043a\u0430\u0446\u0438\u043e\u043d\u043d\u044b\u0445 \u0434\u0435\u0439\u0441\u0442\u0432\u0438\u0439, \u043e\u0441\u0443\u0449\u0435\u0441\u0442\u0432\u043b\u0435\u043d\u0438\u044f \u043f\u0440\u043e\u0446\u0435\u0441\u0441\u043e\u0432 \u043c\u0430\u0440\u043a\u0435\u0442\u0438\u043d\u0433\u0430 \u043f\u0440\u043e\u0434\u0443\u043a\u0442\u043e\u0432\/\u0443\u0441\u043b\u0443\u0433, \u043f\u0440\u043e\u0432\u0435\u0434\u0435\u043d\u0438\u044f \u0440\u0435\u043a\u043b\u0430\u043c\u043d\u044b\u0445\/\u043a\u0430\u043c\u043f\u0430\u043d\u0438\u0439\/\u0430\u043a\u0446\u0438\u0439, \u043f\u0440\u043e\u0432\u0435\u0434\u0435\u043d\u0438\u044f \u043c\u0430\u0440\u043a\u0435\u0442\u0438\u043d\u0433\u043e\u0432\u043e\u0433\u043e \u0430\u043d\u0430\u043b\u0438\u0437\u0430; \u0443\u043f\u0440\u0430\u0432\u043b\u0435\u043d\u0438\u044f \u043f\u0440\u043e\u0446\u0435\u0441\u0441\u0430\u043c\u0438 \u043b\u043e\u044f\u043b\u044c\u043d\u043e\u0441\u0442\u0438 \u043a \u043a\u043e\u043c\u043f\u0430\u043d\u0438\u0438\/\u043f\u0440\u043e\u0434\u0443\u043a\u0442\u0443\/\u0443\u0441\u043b\u0443\u0433\u0435, \u042f \u0434\u0430\u044e \u0441\u043e\u0433\u043b\u0430\u0441\u0438\u0435 \u043e\u0440\u0433\u0430\u043d\u0438\u0437\u0430\u0446\u0438\u0438 \u0438 \u0443\u043f\u0440\u0430\u0432\u043b\u0435\u043d\u0438\u044f \u043c\u0435\u0440\u043e\u043f\u0440\u0438\u044f\u0442\u0438\u044f\u043c\u0438 \u043a\u043e\u043c\u043f\u0430\u043d\u0438\u0435\u0439 AZ Agromila, \u0430 \u0442\u0430\u043a\u0436\u0435 \u043f\u0435\u0440\u0435\u0434\u0430\u0447\u0438 \u044d\u0442\u0438\u0445 \u0434\u0430\u043d\u043d\u044b\u0445 \u0432\u0430\u0448\u0438\u043c \u043f\u043e\u0441\u0442\u0430\u0432\u0449\u0438\u043a\u0430\u043c \u0434\u043b\u044f \u0443\u043a\u0430\u0437\u0430\u043d\u043d\u044b\u0445 \u0446\u0435\u043b\u0435\u0439.<\/p>\t\t\t\t\t\t<\/div>\n\t\t\t\t<\/div>\n\t\t\t\t\t<\/div>\n\t\t<\/div>\n\t\t\t\t\t<\/div>\n\t\t<\/section>\n\t\t\t\t<\/div>","protected":false},"excerpt":{"rendered":"<p>A\u00e7\u0131q Raz\u0131l\u0131q M\u0259tni \u015e\u018fXS\u0130 M\u018fLUMATLARIN EMAL ED\u0130LM\u018fS\u0130 \u0130L\u018f \u018fLAQ\u018fDAR M\u00dc\u015eT\u018fR\u0130\/POTENS\u0130AL M\u00dc\u015eT\u018fR\u0130 (E-T\u0130CAR\u018fT) A\u00c7IQ RAZILIQ M\u018fTN\u0130 \u015e\u0259xsi m\u0259lumatlar\u0131n emal\u0131 il\u0259 ba\u011fl\u0131 M\u00fc\u015ft\u0259ri\/Potensial M\u00fc\u015ft\u0259ri (Elektron Ticar\u0259t) M\u0259lumat M\u0259tnini oxudum v\u0259 bu \u00e7\u0259r\u00e7iv\u0259d\u0259: \u015f\u0259xsiyy\u0259t (ad v\u0259 soyad), \u0259laq\u0259 (\u00fcnvan, e-po\u00e7t \u00fcnvan\u0131, telefon n\u00f6mr\u0259si (mobil)), marketinq (kommersiya elektron \u00fcnsiyy\u0259t icaz\u0259si, \u00e7\u0259r\u0259z qeydl\u0259ri, al\u0131\u015f-veri\u015f tarix\u00e7\u0259si qeydl\u0259ri) m\u0259lumatlar\u0131m\u0131n, kommunikasiya f\u0259aliyy\u0259tl\u0259rinin apar\u0131lmas\u0131, [&hellip;]<\/p>","protected":false},"author":2,"featured_media":0,"parent":0,"menu_order":0,"comment_status":"closed","ping_status":"closed","template":"","meta":{"footnotes":""},"class_list":["post-1947","page","type-page","status-publish","hentry"],"_links":{"self":[{"href":"https:\/\/www.azagromila.az\/ru\/wp-json\/wp\/v2\/pages\/1947","targetHints":{"allow":["GET"]}}],"collection":[{"href":"https:\/\/www.azagromila.az\/ru\/wp-json\/wp\/v2\/pages"}],"about":[{"href":"https:\/\/www.azagromila.az\/ru\/wp-json\/wp\/v2\/types\/page"}],"author":[{"embeddable":true,"href":"https:\/\/www.azagromila.az\/ru\/wp-json\/wp\/v2\/users\/2"}],"replies":[{"embeddable":true,"href":"https:\/\/www.azagromila.az\/ru\/wp-json\/wp\/v2\/comments?post=1947"}],"version-history":[{"count":8,"href":"https:\/\/www.azagromila.az\/ru\/wp-json\/wp\/v2\/pages\/1947\/revisions"}],"predecessor-version":[{"id":3459,"href":"https:\/\/www.azagromila.az\/ru\/wp-json\/wp\/v2\/pages\/1947\/revisions\/3459"}],"wp:attachment":[{"href":"https:\/\/www.azagromila.az\/ru\/wp-json\/wp\/v2\/media?parent=1947"}],"curies":[{"name":"wp","href":"https:\/\/api.w.org\/{rel}","templated":true}]}}